{"id":3,"date":"2024-10-01T17:20:58","date_gmt":"2024-10-01T15:20:58","guid":{"rendered":"https:\/\/jardins.code-communication.be\/?page_id=3"},"modified":"2024-12-03T10:22:02","modified_gmt":"2024-12-03T09:22:02","slug":"politique-de-confidentialite","status":"publish","type":"page","link":"https:\/\/jardins.code-communication.be\/en\/politique-de-confidentialite\/","title":{"rendered":"Politique de confidentialit\u00e9"},"content":{"rendered":"\t\t<div data-elementor-type=\"wp-page\" data-elementor-id=\"3\" class=\"elementor elementor-3\" data-elementor-post-type=\"page\">\n\t\t\t\t<div class=\"elementor-element elementor-element-3a996801 e-flex e-con-boxed e-con e-parent\" data-id=\"3a996801\" data-element_type=\"container\">\n\t\t\t\t\t<div class=\"e-con-inner\">\n\t\t\t\t<div class=\"elementor-element elementor-element-5f42ff16 elementor-widget elementor-widget-text-editor\" data-id=\"5f42ff16\" data-element_type=\"widget\" data-widget_type=\"text-editor.default\">\n\t\t\t\t<div class=\"elementor-widget-container\">\n\t\t\t\t\t\t\t\t\t\n<h2 class=\"wp-block-heading\"><\/h2>\n<h2><\/h2>\n<h2>Qui sommes nous?<\/h2>\n<p>L\u2019adresse de notre site Web est : https:\/\/lesjardinsdelaferme.be<\/p>\n<p style=\"font-weight: 400;\">Thier Hamal 25<br \/>4630 Soumagne<br \/>Belgique<br \/>T\u00e9l.:\u00a0<\/p>\n<h2>Utilisations des donn\u00e9es personnelles collect\u00e9es<\/h2>\n<h3>Formulaires de contact<\/h3>\n<p>Lorsque vous vous inscrivez \u00e0 notre newsletter, vous nous fournissez votre nom et votre adresse e-mail afin que nous puissions vous envoyer des e-mails informatifs sur l\u2019Entreprise. Si vous ne d\u00e9sirez plus recevoir de notifications de notre part, vous pouvez vous d\u00e9sabonner soit via le lien se trouvant au bas de nos newsletters, soit via mail en nous contactant \u00e0 l\u2019adresse info@lesjardinsdelaferme.be<\/p>\n<h3>Cookies<\/h3>\n<p>Lorsque vous vous connecterez, nous mettrons en place un certain nombre de cookies pour enregistrer vos informations de connexion et vos pr\u00e9f\u00e9rences d\u2019\u00e9cran. La dur\u00e9e de vie d\u2019un cookie de connexion est de deux jours, celle d\u2019un cookie d\u2019option d\u2019\u00e9cran est d\u2019un an.\u00a0<\/p>\n<h3>Contenu embarqu\u00e9 depuis d\u2019autres sites<\/h3>\n<p>Les articles de ce site peuvent inclure des contenus int\u00e9gr\u00e9s (par exemple des vid\u00e9os, images, articles\u2026). Le contenu int\u00e9gr\u00e9 depuis d\u2019autres sites se comporte de la m\u00eame mani\u00e8re que si le visiteur se rendait sur cet autre site.<\/p>\n<p>Ces sites web pourraient collecter des donn\u00e9es sur vous, utiliser des cookies, embarquer des outils de suivis tiers, suivre vos interactions avec ces contenus embarqu\u00e9s si vous disposez d\u2019un compte connect\u00e9 sur leur site web.<\/p>\n<h3>Statistiques et mesures d\u2019audience<\/h3>\n<p>Nous collectons \u00e9galement de mani\u00e8re anonyme des informations techniques lorsque vous utilisez le Site. Nos serveurs enregistrent automatiquement des informations (\u00ab log data \u00bb) telles que votre adresse IP, l\u2019adresse des pages du Site que vous visitez, le type de navigateur que vous utilisez ainsi que ses param\u00e8tres, la date et l\u2019heure de votre connexion, la fa\u00e7on dont vous avez utilis\u00e9 le Site. Cette collecte d&#8217;information a comme seul but d&#8217;am\u00e9liorer notre site.<\/p>\n<h2>Utilisation et transmission de vos donn\u00e9es personnelles<\/h2>\n<p>Les donn\u00e9es personnelles que vous nous communiquez ne sont utilis\u00e9es par &#8220;Les Jardins de la Ferme&#8221; que pour :<\/p>\n<ul>\n<li>assurer nos \u00e9changes lors des missions qui nous concernent<\/li>\n<li>constituer les dossiers administratifs n\u00e9cessaires \u00e0 la bonne gestion de nos relations<\/li>\n<li>l&#8217;envoi de nos newsletters (informations sur nos activit\u00e9s, invitations \u00e0 nos \u00e9v\u00e9nements, promotions et nouveaut\u00e9s)<\/li>\n<li>D\u00e9velopper nos relations commerciales avec vous.<\/li>\n<\/ul>\n<h2>Stockage de vos donn\u00e9es<\/h2>\n<p>Pour les utilisateurs et utilisatrices qui s\u2019enregistrent sur notre site (si cela est possible), nous stockons \u00e9galement les donn\u00e9es personnelles indiqu\u00e9es dans leur profil. Tous les utilisateurs et utilisatrices peuvent voir, modifier ou supprimer leurs informations personnelles \u00e0 tout moment (\u00e0 l\u2019exception de leur nom d\u2019utilisateur\u00b7ice). Les gestionnaires du site peuvent aussi voir et modifier ces informations.<\/p>\n<h2>Vos droits sur vos donn\u00e9es<\/h2>\n<p>Si vous avez un compte ou si vous avez laiss\u00e9 des commentaires sur le site, vous pouvez demander \u00e0 recevoir un fichier contenant toutes les donn\u00e9es personnelles que nous poss\u00e9dons \u00e0 votre sujet, incluant celles que vous nous avez fournies. Vous pouvez \u00e9galement demander la suppression des donn\u00e9es personnelles vous concernant. Cela ne prend pas en compte les donn\u00e9es stock\u00e9es \u00e0 des fins administratives, l\u00e9gales ou pour des raisons de s\u00e9curit\u00e9.<\/p>\n<h2>Transmission de vos donn\u00e9es personnelles<\/h2>\n<p>En aucun cas, ces donn\u00e9es ne sont c\u00e9d\u00e9es \u00e0, ou partag\u00e9es avec, des tiers en dehors des n\u00e9cessit\u00e9s impos\u00e9es par le simple fait de l\u2019ex\u00e9cution de nos missions.<\/p>\n<h2>Informations de contact<\/h2>\n<p style=\"font-weight: 400;\">Les Jardins de la Ferme<br \/>Thier Hamal 25<br \/>4630 Soumagne<br \/>Belgique<br \/>T\u00e9l.\u00a0<br \/>info@lesjardinsdelaferme.be<\/p>\n<h2><\/h2>\n<div id=\"ConnectiveDocSignExtentionInstalled\" data-extension-version=\"1.0.4\">\u00a0<\/div>\n<h2 class=\"wp-block-heading\"><\/h2>\t\t\t\t\t\t\t\t<\/div>\n\t\t\t\t<\/div>\n\t\t\t\t\t<\/div>\n\t\t\t\t<\/div>\n\t\t\t\t<\/div>\n\t\t","protected":false},"excerpt":{"rendered":"<p>Qui sommes nous? L\u2019adresse de notre site Web est : https:\/\/lesjardinsdelaferme.be Thier Hamal 254630 SoumagneBelgiqueT\u00e9l.:\u00a0 Utilisations des donn\u00e9es personnelles collect\u00e9es Formulaires de contact Lorsque vous vous inscrivez \u00e0 notre newsletter, vous nous fournissez votre nom et votre adresse e-mail afin que nous puissions vous envoyer des e-mails informatifs sur l\u2019Entreprise. Si vous ne d\u00e9sirez plus [&hellip;]<\/p>\n","protected":false},"author":1,"featured_media":491,"parent":0,"menu_order":0,"comment_status":"closed","ping_status":"open","template":"","meta":{"_acf_changed":false,"_glsr_average":0,"_glsr_ranking":0,"_glsr_reviews":0,"footnotes":""},"class_list":["post-3","page","type-page","status-publish","has-post-thumbnail","hentry"],"acf":[],"_links":{"self":[{"href":"https:\/\/jardins.code-communication.be\/en\/wp-json\/wp\/v2\/pages\/3","targetHints":{"allow":["GET"]}}],"collection":[{"href":"https:\/\/jardins.code-communication.be\/en\/wp-json\/wp\/v2\/pages"}],"about":[{"href":"https:\/\/jardins.code-communication.be\/en\/wp-json\/wp\/v2\/types\/page"}],"author":[{"embeddable":true,"href":"https:\/\/jardins.code-communication.be\/en\/wp-json\/wp\/v2\/users\/1"}],"replies":[{"embeddable":true,"href":"https:\/\/jardins.code-communication.be\/en\/wp-json\/wp\/v2\/comments?post=3"}],"version-history":[{"count":7,"href":"https:\/\/jardins.code-communication.be\/en\/wp-json\/wp\/v2\/pages\/3\/revisions"}],"predecessor-version":[{"id":1030,"href":"https:\/\/jardins.code-communication.be\/en\/wp-json\/wp\/v2\/pages\/3\/revisions\/1030"}],"wp:featuredmedia":[{"embeddable":true,"href":"https:\/\/jardins.code-communication.be\/en\/wp-json\/wp\/v2\/media\/491"}],"wp:attachment":[{"href":"https:\/\/jardins.code-communication.be\/en\/wp-json\/wp\/v2\/media?parent=3"}],"curies":[{"name":"wp","href":"https:\/\/api.w.org\/{rel}","templated":true}]}}