{"id":671,"date":"2024-10-24T09:34:10","date_gmt":"2024-10-24T07:34:10","guid":{"rendered":"https:\/\/jardins.code-communication.be\/?page_id=671"},"modified":"2025-01-07T15:39:52","modified_gmt":"2025-01-07T14:39:52","slug":"avis","status":"publish","type":"page","link":"https:\/\/jardins.code-communication.be\/de\/infos\/avis\/","title":{"rendered":"Ils parlent de nous&#8230;"},"content":{"rendered":"\t\t<div data-elementor-type=\"wp-page\" data-elementor-id=\"671\" class=\"elementor elementor-671\" data-elementor-post-type=\"page\">\n\t\t\t\t<div class=\"elementor-element elementor-element-1176330 e-con-full e-flex e-con e-parent\" data-id=\"1176330\" data-element_type=\"container\" data-settings=\"{&quot;background_background&quot;:&quot;slideshow&quot;,&quot;background_slideshow_gallery&quot;:[{&quot;id&quot;:711,&quot;url&quot;:&quot;https:\\\/\\\/jardins.code-communication.be\\\/wp-content\\\/uploads\\\/2024\\\/10\\\/les-jardins-dela-ferme-vue-18.webp&quot;},{&quot;id&quot;:463,&quot;url&quot;:&quot;https:\\\/\\\/jardins.code-communication.be\\\/wp-content\\\/uploads\\\/2024\\\/10\\\/les-jardins-dela-ferme-vue-3.webp&quot;},{&quot;id&quot;:511,&quot;url&quot;:&quot;https:\\\/\\\/jardins.code-communication.be\\\/wp-content\\\/uploads\\\/2024\\\/10\\\/les-jardins-dela-ferme-vue-14.webp&quot;},{&quot;id&quot;:503,&quot;url&quot;:&quot;https:\\\/\\\/jardins.code-communication.be\\\/wp-content\\\/uploads\\\/2024\\\/10\\\/les-jardins-dela-ferme-vue-16.webp&quot;},{&quot;id&quot;:499,&quot;url&quot;:&quot;https:\\\/\\\/jardins.code-communication.be\\\/wp-content\\\/uploads\\\/2024\\\/10\\\/les-jardins-dela-ferme-vue-17.webp&quot;},{&quot;id&quot;:519,&quot;url&quot;:&quot;https:\\\/\\\/jardins.code-communication.be\\\/wp-content\\\/uploads\\\/2024\\\/10\\\/les-jardins-dela-ferme-vue-12.webp&quot;}],&quot;background_slideshow_slide_duration&quot;:3500,&quot;background_slideshow_loop&quot;:&quot;yes&quot;,&quot;background_slideshow_slide_transition&quot;:&quot;fade&quot;,&quot;background_slideshow_transition_duration&quot;:500}\">\n\t\t<div class=\"elementor-element elementor-element-306a531 e-con-full e-flex e-con e-child\" data-id=\"306a531\" data-element_type=\"container\">\n\t\t\t\t<div class=\"elementor-element elementor-element-acb9991 elementor-invisible elementor-widget elementor-widget-theme-post-title elementor-page-title elementor-widget-heading\" data-id=\"acb9991\" data-element_type=\"widget\" data-settings=\"{&quot;_animation&quot;:&quot;slideInLeft&quot;,&quot;_animation_delay&quot;:60}\" data-widget_type=\"theme-post-title.default\">\n\t\t\t\t<div class=\"elementor-widget-container\">\n\t\t\t\t\t<h1 class=\"elementor-heading-title elementor-size-default\">Ils parlent de nous&#8230;<\/h1>\t\t\t\t<\/div>\n\t\t\t\t<\/div>\n\t\t\t\t<\/div>\n\t\t\t\t<\/div>\n\t\t<div class=\"elementor-element elementor-element-fce53d8 e-flex e-con-boxed e-con e-parent\" data-id=\"fce53d8\" data-element_type=\"container\">\n\t\t\t\t\t<div class=\"e-con-inner\">\n\t\t<div class=\"elementor-element elementor-element-8760bde e-con-full e-flex e-con e-child\" data-id=\"8760bde\" data-element_type=\"container\">\n\t\t\t\t<div class=\"elementor-element elementor-element-1f08d7f elementor-widget elementor-widget-site_reviews_summary\" data-id=\"1f08d7f\" data-element_type=\"widget\" data-widget_type=\"site_reviews_summary.default\">\n\t\t\t\t<div class=\"elementor-widget-container\">\n\t\t\t\t\t<div class=\"glsr glsr-elementor\" id=\"glsr_7e8d7a39\" data-from=\"elementor\" data-shortcode=\"site_reviews_summary\"><div class=\"glsr-summary-wrap\">\n    <div class=\"glsr-summary\">\n        <div class=\"glsr-summary-rating\"><span class=\"glsr-tag-value\">0,0<\/span><\/div>\n        <div class=\"glsr-summary-stars\"><div class=\"glsr-star-rating glsr-stars\" role=\"img\" aria-label=\"Rated 0 out of 5 stars\" data-rating=\"0\" data-reviews=\"0\"><span class=\"glsr-star glsr-star-empty\" aria-hidden=\"true\"><\/span><span class=\"glsr-star glsr-star-empty\" aria-hidden=\"true\"><\/span><span class=\"glsr-star glsr-star-empty\" aria-hidden=\"true\"><\/span><span class=\"glsr-star glsr-star-empty\" aria-hidden=\"true\"><\/span><span class=\"glsr-star glsr-star-empty\" aria-hidden=\"true\"><\/span><\/div><\/div>\n        <div class=\"glsr-summary-text\"><span class=\"glsr-tag-value\">0,0 von 5 Sternen (basierend auf 0 Bewertungen)<\/span><\/div>\n        <div class=\"glsr-summary-percentages\"><div class=\"glsr-bar\" data-level=\"5\"><span class=\"glsr-bar-label\">Ausgezeichnet<\/span><span class=\"glsr-bar-background\"><span class=\"glsr-bar-background-percent\" style=\"width:0%\"><\/span><\/span><span class=\"glsr-bar-percent\">0%<\/span><\/div><div class=\"glsr-bar\" data-level=\"4\"><span class=\"glsr-bar-label\">Sehr gut<\/span><span class=\"glsr-bar-background\"><span class=\"glsr-bar-background-percent\" style=\"width:0%\"><\/span><\/span><span class=\"glsr-bar-percent\">0%<\/span><\/div><div class=\"glsr-bar\" data-level=\"3\"><span class=\"glsr-bar-label\">Durchschnittlich<\/span><span class=\"glsr-bar-background\"><span class=\"glsr-bar-background-percent\" style=\"width:0%\"><\/span><\/span><span class=\"glsr-bar-percent\">0%<\/span><\/div><div class=\"glsr-bar\" data-level=\"2\"><span class=\"glsr-bar-label\">Schlecht<\/span><span class=\"glsr-bar-background\"><span class=\"glsr-bar-background-percent\" style=\"width:0%\"><\/span><\/span><span class=\"glsr-bar-percent\">0%<\/span><\/div><div class=\"glsr-bar\" data-level=\"1\"><span class=\"glsr-bar-label\">Furchtbar<\/span><span class=\"glsr-bar-background\"><span class=\"glsr-bar-background-percent\" style=\"width:0%\"><\/span><\/span><span class=\"glsr-bar-percent\">0%<\/span><\/div><\/div>\n    <\/div>\n<\/div><\/div>\t\t\t\t<\/div>\n\t\t\t\t<\/div>\n\t\t\t\t<div class=\"elementor-element elementor-element-5f9d5b9 elementor-widget elementor-widget-site_reviews\" data-id=\"5f9d5b9\" data-element_type=\"widget\" data-widget_type=\"site_reviews.default\">\n\t\t\t\t<div class=\"elementor-widget-container\">\n\t\t\t\t\t<div class=\"glsr glsr-elementor\" id=\"glsr_4216e5ed\" data-from=\"elementor\" data-shortcode=\"site_reviews\" data-display=\"10\" data-hide=\"avatar,verified\" data-pagination=\"ajax\"><div class=\"glsr-reviews-wrap\">\n    <div class=\"glsr-reviews\">\n        <p class=\"glsr-no-margins\">Es gibt noch keine Bewertungen. Schreibe selbst die erste Bewertung!<\/p>\n    <\/div>\n    \n<\/div><\/div>\t\t\t\t<\/div>\n\t\t\t\t<\/div>\n\t\t\t\t<\/div>\n\t\t<div class=\"elementor-element elementor-element-84ff6e7 e-con-full e-flex e-con e-child\" data-id=\"84ff6e7\" data-element_type=\"container\">\n\t\t\t\t<div class=\"elementor-element elementor-element-3bef45b elementor-widget elementor-widget-heading\" data-id=\"3bef45b\" data-element_type=\"widget\" data-widget_type=\"heading.default\">\n\t\t\t\t<div class=\"elementor-widget-container\">\n\t\t\t\t\t<h2 class=\"elementor-heading-title elementor-size-default\">Partagez votre avis sur nos chambres d'h\u00f4tes<\/h2>\t\t\t\t<\/div>\n\t\t\t\t<\/div>\n\t\t\t\t<div class=\"elementor-element elementor-element-8c005c3 elementor-widget elementor-widget-site_reviews_form\" data-id=\"8c005c3\" data-element_type=\"widget\" data-widget_type=\"site_reviews_form.default\">\n\t\t\t\t<div class=\"elementor-widget-container\">\n\t\t\t\t\t<div class=\"glsr glsr-elementor\" id=\"glsr_583301f5\" data-from=\"elementor\" data-shortcode=\"site_reviews_form\"><div class=\"glsr-form-wrap\">\n    <form class=\"glsr-review-form glsr-form elementor-form\" method=\"post\" enctype=\"multipart\/form-data\">\n        <div class=\"elementor-form-fields-wrapper elementor-labels-above\">\n            <input type=\"hidden\" name=\"site-reviews[_action]\" value=\"submit-review\" \/>\n<input type=\"hidden\" name=\"site-reviews[_nonce]\" value=\"a9fb638e07\" \/>\n<input type=\"hidden\" name=\"site-reviews[_post_id]\" value=\"671\" \/>\n<input type=\"hidden\" name=\"site-reviews[_referer]\" value=\"\" \/>\n<input type=\"hidden\" name=\"site-reviews[assigned_posts]\" value=\"\" \/>\n<input type=\"hidden\" name=\"site-reviews[assigned_terms]\" value=\"\" \/>\n<input type=\"hidden\" name=\"site-reviews[assigned_users]\" value=\"\" \/>\n<input type=\"hidden\" name=\"site-reviews[excluded]\" value=\"\" \/>\n<input type=\"hidden\" name=\"site-reviews[form_id]\" value=\"glsr_583301f5\" \/>\n<input type=\"hidden\" name=\"site-reviews[terms_exist]\" value=\"1\" \/>\n<input type=\"hidden\" name=\"site-reviews[form_signature]\" value=\"l5eg0mZB3m4TtPAdctiWKcwwt5enrIPK5BXuZY6t3jwoGgknF-8ciAEMWx_jF3pldtiAsIoUmRsRyvAEq2ShYpDTsaP09Yzn8iaLo_hhrMuMtLA9xJtDhoUqZWb1Ja6lAzzGRPlgHPQxlk-kxN1c6TMTEnYcGHEqcg6N5uUQQDZ7CRY1YhePAk0K4-kshD5dIZaxMSWnDUKDjTrGSLJtF6Cnr4mjWsjAO3QrCLnJRKik9R6P0GLkdDp9f8vIfATEDXP7Dd2prO_qwAjPT0SElTOoHJ9xya17Rk3xKTf_luk3Nd6hk0xQvryXY4qGS3qtpqdEr2VO8gLv_COJkQy6_gHMP2S0bxdwqE_O_IYzhBBhOUgkQ12VQJhYFe6lqMDejIhC_h59WhT90SCUk1-PweFDRg\" \/>\n<div class=\"glsr-field\" style=\"display:none;\"><label for=\"site-reviews-b1d8ad3b-glsr_583301f5\">Deine Rezension<\/label><input type=\"text\" class=\"glsr-input glsr-input-text\" id=\"site-reviews-b1d8ad3b-glsr_583301f5\" name=\"site-reviews[b1d8ad3b]\" value=\"\" \/><\/div>\n<div class=\"glsr-field glsr-field-rating glsr-required elementor-field-required elementor-field-group elementor-column\" data-field=\"rating\">\n    <label class=\"glsr-label elementor-field-label\" for=\"glsr_583301f5-rating\">\n    <span>Deine Gesamtbewertung<\/span>\n<\/label>\n    <select class=\"elementor-field-textual elementor-size-sm browser-default disable-select no_wrap no-wrap glsr-select\" id=\"glsr_583301f5-rating\" name=\"site-reviews[rating]\" required><option value=\"\">Gib eine Punktzahl<\/option><option value=\"5\">5\u00a0Sterne<\/option><option value=\"4\">4\u00a0Sterne<\/option><option value=\"3\">3\u00a0Sterne<\/option><option value=\"2\">2\u00a0Sterne<\/option><option value=\"1\">1\u00a0Stern<\/option><\/select>\n    <div class=\"glsr-field-error elementor-message elementor-message-danger elementor-help-inline elementor-form-help-inline\"><\/div>\n<\/div>\n<div class=\"glsr-field glsr-field-text glsr-required elementor-field-required elementor-field-type-text elementor-field-group elementor-column\" data-field=\"title\">\n    <label class=\"glsr-label elementor-field-label\" for=\"glsr_583301f5-title\">\n    <span>Titel Deiner Bewertung<\/span>\n<\/label>\n    <input type=\"text\" class=\"elementor-field elementor-field-textual elementor-size-sm glsr-input glsr-input-text\" id=\"glsr_583301f5-title\" name=\"site-reviews[title]\" required placeholder=\"Fasse Deine Bewertung zusammen oder greife ein interessantes Detail heraus\" value=\"\" \/>\n    <div class=\"glsr-field-error elementor-message elementor-message-danger elementor-help-inline elementor-form-help-inline\"><\/div>\n<\/div>\n<div class=\"glsr-field glsr-field-textarea glsr-required elementor-field-required elementor-field-type-textarea elementor-field-group elementor-column\" data-field=\"content\">\n    <label class=\"glsr-label elementor-field-label\" for=\"glsr_583301f5-content\">\n    <span>Deine Rezension<\/span>\n<\/label>\n    <textarea class=\"elementor-field elementor-field-textual elementor-size-sm glsr-textarea\" id=\"glsr_583301f5-content\" name=\"site-reviews[content]\" required placeholder=\"Ver\u00f6ffentliche Deine Bewertung\" rows=\"5\"><\/textarea>\n    <div class=\"glsr-field-error elementor-message elementor-message-danger elementor-help-inline elementor-form-help-inline\"><\/div>\n<\/div>\n<div class=\"glsr-field glsr-field-text glsr-required elementor-field-required elementor-field-type-text elementor-field-group elementor-column\" data-field=\"name\">\n    <label class=\"glsr-label elementor-field-label\" for=\"glsr_583301f5-name\">\n    <span>Dein Name<\/span>\n<\/label>\n    <input type=\"text\" class=\"elementor-field elementor-field-textual elementor-size-sm glsr-input glsr-input-text\" id=\"glsr_583301f5-name\" name=\"site-reviews[name]\" required placeholder=\"Nenne uns Deinen Namen\" value=\"\" \/>\n    <div class=\"glsr-field-error elementor-message elementor-message-danger elementor-help-inline elementor-form-help-inline\"><\/div>\n<\/div>\n<div class=\"glsr-field glsr-field-email glsr-required elementor-field-required elementor-field-type-email elementor-field-group elementor-column\" data-field=\"email\">\n    <label class=\"glsr-label elementor-field-label\" for=\"glsr_583301f5-email\">\n    <span>Deine E-Mail-Adresse<\/span>\n<\/label>\n    <input type=\"email\" class=\"elementor-field elementor-field-textual elementor-size-sm glsr-input glsr-input-email\" id=\"glsr_583301f5-email\" name=\"site-reviews[email]\" required placeholder=\"Nenne uns Deine E-Mail-Adresse\" value=\"\" \/>\n    <div class=\"glsr-field-error elementor-message elementor-message-danger elementor-help-inline elementor-form-help-inline\"><\/div>\n<\/div>\n<div class=\"glsr-field glsr-field-choice glsr-required elementor-field-required elementor-field-type-toggle elementor-field-group elementor-column\" data-field=\"terms\">\n    \n    <div class=\"elementor-field-subgroup\">\n        <span class=\"elementor-field-option\">\n    <span class=\"glsr-field-toggle\">\n        <span class=\"glsr-toggle\">\n            <label for=\"glsr_583301f5-terms-1\">Diese Bewertung basiert auf meiner pers\u00f6nlichen Erfahrung und entspricht meiner eigenen Meinung.<\/label>\n            <span class=\"glsr-toggle-switch\">\n                <input type=\"checkbox\" class=\"glsr-input-toggle\" id=\"glsr_583301f5-terms-1\" name=\"site-reviews[terms]\" required value=\"1\" \/> &#8203; <!-- zero-space character for alignment -->\n                <span class=\"glsr-toggle-track\"><\/span>\n            <\/span>\n        <\/span>\n    <\/span>\n<\/span>\n    <\/div>\n    <div class=\"glsr-field-error elementor-message elementor-message-danger elementor-help-inline elementor-form-help-inline\"><\/div>\n<\/div>\n            <div class=\"elementor-field-group elementor-column elementor-field-type-submit elementor-col-100 e-form__buttons\" data-field=\"submit-button\">\n    <button type=\"submit\" class=\"glsr-button wp-block-button__link wp-element-button elementor-button elementor-size-sm\" aria-busy=\"false\" data-loading=\"Submitting, please wait...\">Soumettre votre avis<\/button>\n<\/div>\n        <\/div>\n        <div class=\"glsr-form-message elementor-message\">\n    \n<\/div>\n    <\/form>\n<\/div><\/div>\t\t\t\t<\/div>\n\t\t\t\t<\/div>\n\t\t\t\t<\/div>\n\t\t\t\t\t<\/div>\n\t\t\t\t<\/div>\n\t\t\t\t<\/div>\n\t\t","protected":false},"excerpt":{"rendered":"<p>4,5 4,5 \u00e9toiles sur 5 (selon 2 avis) Excellent50%Tr\u00e8s bon50%Moyen0%Passable0%D\u00e9cevant0% avis num 2 24 octobre 2024 Post hanc adclinis Libano monti Phoenice, regio plena gratiarum et venustatis, urbibus decorata magnis et pulchris; in quibus amoenitate celebritateque nominum Tyros excellit, Sidon et Berytus isdemque pares Emissa et Damascus saeculis condita priscis. Post hanc adclinis Libano monti [&hellip;]<\/p>\n","protected":false},"author":1,"featured_media":711,"parent":912,"menu_order":0,"comment_status":"closed","ping_status":"closed","template":"","meta":{"_acf_changed":false,"_glsr_average":0,"_glsr_ranking":0,"_glsr_reviews":0,"footnotes":""},"class_list":["post-671","page","type-page","status-publish","has-post-thumbnail","hentry"],"acf":[],"_links":{"self":[{"href":"https:\/\/jardins.code-communication.be\/de\/wp-json\/wp\/v2\/pages\/671","targetHints":{"allow":["GET"]}}],"collection":[{"href":"https:\/\/jardins.code-communication.be\/de\/wp-json\/wp\/v2\/pages"}],"about":[{"href":"https:\/\/jardins.code-communication.be\/de\/wp-json\/wp\/v2\/types\/page"}],"author":[{"embeddable":true,"href":"https:\/\/jardins.code-communication.be\/de\/wp-json\/wp\/v2\/users\/1"}],"replies":[{"embeddable":true,"href":"https:\/\/jardins.code-communication.be\/de\/wp-json\/wp\/v2\/comments?post=671"}],"version-history":[{"count":25,"href":"https:\/\/jardins.code-communication.be\/de\/wp-json\/wp\/v2\/pages\/671\/revisions"}],"predecessor-version":[{"id":1147,"href":"https:\/\/jardins.code-communication.be\/de\/wp-json\/wp\/v2\/pages\/671\/revisions\/1147"}],"up":[{"embeddable":true,"href":"https:\/\/jardins.code-communication.be\/de\/wp-json\/wp\/v2\/pages\/912"}],"wp:featuredmedia":[{"embeddable":true,"href":"https:\/\/jardins.code-communication.be\/de\/wp-json\/wp\/v2\/media\/711"}],"wp:attachment":[{"href":"https:\/\/jardins.code-communication.be\/de\/wp-json\/wp\/v2\/media?parent=671"}],"curies":[{"name":"wp","href":"https:\/\/api.w.org\/{rel}","templated":true}]}}